{"id":114448,"date":"2022-02-26T16:09:23","date_gmt":"2022-02-26T16:09:23","guid":{"rendered":"https:\/\/www.david-coin.com\/product\/china-30-gram-zilveren-panda-2022\/"},"modified":"2026-03-05T15:19:51","modified_gmt":"2026-03-05T14:19:51","slug":"china-30-gram-zilveren-panda-2022","status":"publish","type":"product","link":"https:\/\/www.david-coin.com\/ar\/product\/china-30-gram-zilveren-panda-2022\/","title":{"rendered":"\u0628\u0627\u0646\u062f\u0627 \u0641\u0636\u064a\u0629 \u0635\u064a\u0646\u064a\u0629 30 \u062c\u0631\u0627\u0645 2022"},"content":{"rendered":"<p><span style=\"font-size: 12pt;\"><strong>\u0628\u0627\u0646\u062f\u0627 \u0641\u0636\u064a\u0629 \u0635\u064a\u0646\u064a\u0629 30 \u062c\u0631\u0627\u0645 2022\u00a0<\/strong><\/span><\/p>\n<p><span style=\"color: #000000; font-size: 12pt; font-family: arial, helvetica, sans-serif;\">De\u00a0Chinese Silver Panda\u00a0(\u00a0Chinees\u00a0:<span lang=\"zh\">\u718a\u732b \u94f6\u5e01<\/span>;\u00a0<a style=\"color: #000000;\" title=\"Pinyin\" href=\"https:\/\/en.wikipedia.org\/wiki\/Pinyin\">pinyin<\/a>\u00a0:\u00a0<i><span lang=\"zh-Latn-pinyin\">xi\u00f3ngm\u0101o y\u00ednb\u00ec<\/span><\/i>\u00a0) is een serie\u00a0zilveren edelmetaalmunten\u00a0uitgegeven door de\u00a0Volksrepubliek China.\u00a0Het ontwerp van de panda wordt elk jaar veranderd en geslagen in verschillende maten en coupures, vari\u00ebrend van 0,5 troy oz.\u00a0tot 1 kilogram.\u00a0Vanaf 2016 zijn Panda&#8217;s overgeschakeld op metrische maten.\u00a0De\u00a0munt van\u00a01\u00a0<a style=\"color: #000000;\" title=\"Troy gewicht\" href=\"https:\/\/en.wikipedia.org\/wiki\/Troy_weight\">troy<\/a>\u00a0ounce werd teruggebracht tot 30 gram, terwijl de munt van 5 troy ounce werd teruggebracht tot 150 gram. Onder zowel beleggers als verzamelaars een geliefd collectorsitem.<\/span><\/p>\n<p><span style=\"font-size: 12pt; font-family: arial, helvetica, sans-serif;\">\u00a0<\/span><\/p>\n<p><span style=\"color: #000000; font-size: 12pt; font-family: arial, helvetica, sans-serif;\">Gewicht:30 gram<br \/>\n\u0627\u0644\u0645\u062d\u062a\u0648\u0649: 999\/1000<br \/>\n<\/span><\/p>\n<p><span style=\"color: #000000; font-size: 12pt; font-family: arial, helvetica, sans-serif;\">Vb-foto. U ontvangt een identiek exemplaar.<br \/>\n\u0627\u0646\u0638\u0631 \u0639\u0645\u0644\u064a\u0627\u062a \u0627\u0644\u0645\u0633\u062d \u0644\u0644\u062d\u0635\u0648\u0644 \u0639\u0644\u0649 \u0645\u0632\u064a\u062f \u0645\u0646 \u0627\u0644\u062a\u0641\u0627\u0635\u064a\u0644.<br \/>\n\u0625\u0630\u0627 \u0643\u0627\u0646 \u0644\u062f\u064a\u0643 \u0623\u064a \u0623\u0633\u0626\u0644\u0629\u060c \u0641\u0644\u0627 \u062a\u062a\u0631\u062f\u062f \u0641\u064a \u0625\u0631\u0633\u0627\u0644 \u0631\u0633\u0627\u0644\u0629 \u0644\u0646\u0627.<\/span><\/p>\n<p><span style=\"font-family: arial, helvetica, sans-serif; font-size: 12pt;\">\u00a0<\/span><\/p>","protected":false},"excerpt":{"rendered":"<p>999\/1000<\/p>","protected":false},"featured_media":114446,"comment_status":"closed","ping_status":"closed","template":"","meta":[],"product_brand":[],"product_cat":[5485,5479,5602,5473,5968],"product_tag":[],"class_list":{"0":"post-114448","1":"product","2":"type-product","3":"status-publish","4":"has-post-thumbnail","6":"product_cat-azie","7":"product_cat-edelmetaal-goud-kopen","8":"product_cat-troy-ounce-munten","9":"product_cat-world-coins-romeinse-munten","10":"product_cat-zilveren-chinese-panda","11":"pa_gewicht-1troyounce","12":"pa_kwaliteit-proof","13":"pa_land-china","14":"pa_materiaal-zilver","15":"pa_muntwaarde-10yuan","17":"first","18":"instock","19":"taxable","20":"shipping-taxable","21":"purchasable","22":"product-type-simple"},"yoast_head":"<!-- This site is optimized with the Yoast SEO Premium plugin v27.2 (Yoast SEO v27.4) - https:\/\/yoast.com\/product\/yoast-seo-premium-wordpress\/ -->\n<title>China 30 gram Zilveren panda 2022<\/title>\n<meta name=\"description\" content=\"Gouden en zilveren wereldmunten kopen? Nu verkrijgbaar bij David-coin. Bekijk ons complete aanbod. Gratis verzending binnen Nederland vanaf 5.000 euro.\" \/>\n<meta name=\"robots\" content=\"index, follow, max-snippet:-1, max-image-preview:large, max-video-preview:-1\" \/>\n<link rel=\"canonical\" href=\"https:\/\/www.david-coin.com\/ar\/product\/china-30-gram-zilveren-panda-2022\/\" \/>\n<meta property=\"og:locale\" content=\"ar_AR\" \/>\n<meta property=\"og:type\" content=\"article\" \/>\n<meta property=\"og:title\" content=\"China 30 gram Zilveren panda 2022\" \/>\n<meta property=\"og:description\" content=\"Gouden en zilveren wereldmunten kopen? Nu verkrijgbaar bij David-coin. Bekijk ons complete aanbod. Gratis verzending binnen Nederland vanaf 5.000 euro.\" \/>\n<meta property=\"og:url\" content=\"https:\/\/www.david-coin.com\/ar\/product\/china-30-gram-zilveren-panda-2022\/\" \/>\n<meta property=\"og:site_name\" content=\"David Coin\" \/>\n<meta property=\"article:publisher\" content=\"https:\/\/www.facebook.com\/Davidcoininkoopenverkoop\" \/>\n<meta property=\"article:modified_time\" content=\"2026-03-05T14:19:51+00:00\" \/>\n<meta property=\"og:image\" content=\"https:\/\/www.david-coin.com\/wp-content\/uploads\/2022\/02\/zilverenpanda2022vz.jpg\" \/>\n\t<meta property=\"og:image:width\" content=\"789\" \/>\n\t<meta property=\"og:image:height\" content=\"800\" \/>\n\t<meta property=\"og:image:type\" content=\"image\/jpeg\" \/>\n<meta name=\"twitter:card\" content=\"summary_large_image\" \/>\n<meta name=\"twitter:label1\" content=\"\u0627\u0644\u0633\u0639\u0631\" \/>\n\t<meta name=\"twitter:data1\" content=\"&euro;&nbsp;106,01\" \/>\n\t<meta name=\"twitter:label2\" content=\"\u0627\u0644\u062a\u0648\u0641\u0631\" \/>\n\t<meta name=\"twitter:data2\" content=\"\u0645\u062a\u0648\u0641\u0631 \u0641\u064a \u0627\u0644\u0645\u062e\u0632\u0648\u0646\" \/>\n<script type=\"application\/ld+json\" class=\"yoast-schema-graph\">{\"@context\":\"https:\\\/\\\/schema.org\",\"@graph\":[{\"@type\":\"WebPage\",\"@id\":\"https:\\\/\\\/www.david-coin.com\\\/product\\\/china-30-gram-zilveren-panda-2022\\\/\",\"url\":\"https:\\\/\\\/www.david-coin.com\\\/product\\\/china-30-gram-zilveren-panda-2022\\\/\",\"name\":\"China 30 gram Zilveren panda 2022\",\"isPartOf\":{\"@id\":\"https:\\\/\\\/www.david-coin.com\\\/#website\"},\"primaryImageOfPage\":{\"@id\":\"https:\\\/\\\/www.david-coin.com\\\/product\\\/china-30-gram-zilveren-panda-2022\\\/#primaryimage\"},\"image\":{\"@id\":\"https:\\\/\\\/www.david-coin.com\\\/product\\\/china-30-gram-zilveren-panda-2022\\\/#primaryimage\"},\"thumbnailUrl\":\"https:\\\/\\\/www.david-coin.com\\\/wp-content\\\/uploads\\\/2022\\\/02\\\/zilverenpanda2022vz.jpg\",\"datePublished\":\"2022-02-26T16:09:23+00:00\",\"dateModified\":\"2026-03-05T14:19:51+00:00\",\"description\":\"Gouden en zilveren wereldmunten kopen? Nu verkrijgbaar bij David-coin. Bekijk ons complete aanbod. Gratis verzending binnen Nederland vanaf 5.000 euro.\",\"breadcrumb\":{\"@id\":\"https:\\\/\\\/www.david-coin.com\\\/product\\\/china-30-gram-zilveren-panda-2022\\\/#breadcrumb\"},\"inLanguage\":\"ar\",\"potentialAction\":[{\"@type\":\"ReadAction\",\"target\":[\"https:\\\/\\\/www.david-coin.com\\\/product\\\/china-30-gram-zilveren-panda-2022\\\/\"]}]},{\"@type\":\"ImageObject\",\"inLanguage\":\"ar\",\"@id\":\"https:\\\/\\\/www.david-coin.com\\\/product\\\/china-30-gram-zilveren-panda-2022\\\/#primaryimage\",\"url\":\"https:\\\/\\\/www.david-coin.com\\\/wp-content\\\/uploads\\\/2022\\\/02\\\/zilverenpanda2022vz.jpg\",\"contentUrl\":\"https:\\\/\\\/www.david-coin.com\\\/wp-content\\\/uploads\\\/2022\\\/02\\\/zilverenpanda2022vz.jpg\",\"width\":789,\"height\":800},{\"@type\":\"BreadcrumbList\",\"@id\":\"https:\\\/\\\/www.david-coin.com\\\/product\\\/china-30-gram-zilveren-panda-2022\\\/#breadcrumb\",\"itemListElement\":[{\"@type\":\"ListItem\",\"position\":1,\"name\":\"Home\",\"item\":\"https:\\\/\\\/www.david-coin.com\\\/\"},{\"@type\":\"ListItem\",\"position\":2,\"name\":\"Winkel\",\"item\":\"https:\\\/\\\/www.david-coin.com\\\/winkel\\\/\"},{\"@type\":\"ListItem\",\"position\":3,\"name\":\"China 30 gram Zilveren panda 2022\"}]},{\"@type\":\"WebSite\",\"@id\":\"https:\\\/\\\/www.david-coin.com\\\/#website\",\"url\":\"https:\\\/\\\/www.david-coin.com\\\/\",\"name\":\"David Coin\",\"description\":\"\",\"publisher\":{\"@id\":\"https:\\\/\\\/www.david-coin.com\\\/#organization\"},\"potentialAction\":[{\"@type\":\"SearchAction\",\"target\":{\"@type\":\"EntryPoint\",\"urlTemplate\":\"https:\\\/\\\/www.david-coin.com\\\/?s={search_term_string}\"},\"query-input\":{\"@type\":\"PropertyValueSpecification\",\"valueRequired\":true,\"valueName\":\"search_term_string\"}}],\"inLanguage\":\"ar\"},{\"@type\":\"Organization\",\"@id\":\"https:\\\/\\\/www.david-coin.com\\\/#organization\",\"name\":\"David Coin\",\"url\":\"https:\\\/\\\/www.david-coin.com\\\/\",\"logo\":{\"@type\":\"ImageObject\",\"inLanguage\":\"ar\",\"@id\":\"https:\\\/\\\/www.david-coin.com\\\/#\\\/schema\\\/logo\\\/image\\\/\",\"url\":\"https:\\\/\\\/www.david-coin.com\\\/wp-content\\\/uploads\\\/2024\\\/04\\\/davidcoin-logo-final.png\",\"contentUrl\":\"https:\\\/\\\/www.david-coin.com\\\/wp-content\\\/uploads\\\/2024\\\/04\\\/davidcoin-logo-final.png\",\"width\":800,\"height\":267,\"caption\":\"David Coin\"},\"image\":{\"@id\":\"https:\\\/\\\/www.david-coin.com\\\/#\\\/schema\\\/logo\\\/image\\\/\"},\"sameAs\":[\"https:\\\/\\\/www.facebook.com\\\/Davidcoininkoopenverkoop\",\"https:\\\/\\\/www.youtube.com\\\/channel\\\/UC39lihLKFSPTff0w6tv0pWQ\"]}]}<\/script>\n<meta property=\"product:price:amount\" content=\"106.01\" \/>\n<meta property=\"product:price:currency\" content=\"EUR\" \/>\n<meta property=\"og:availability\" content=\"instock\" \/>\n<meta property=\"product:availability\" content=\"instock\" \/>\n<meta property=\"product:retailer_item_id\" content=\"9076\" \/>\n<meta property=\"product:condition\" content=\"new\" \/>\n<!-- \/ Yoast SEO Premium plugin. -->","yoast_head_json":{"title":"\u0628\u0627\u0646\u062f\u0627 \u0641\u0636\u064a\u0629 \u0635\u064a\u0646\u064a\u0629 30 \u062c\u0631\u0627\u0645 2022","description":"Gouden en zilveren wereldmunten kopen? Nu verkrijgbaar bij David-coin. Bekijk ons complete aanbod. Gratis verzending binnen Nederland vanaf 5.000 euro.","robots":{"index":"index","follow":"follow","max-snippet":"max-snippet:-1","max-image-preview":"max-image-preview:large","max-video-preview":"max-video-preview:-1"},"canonical":"https:\/\/www.david-coin.com\/ar\/product\/china-30-gram-zilveren-panda-2022\/","og_locale":"ar_AR","og_type":"article","og_title":"China 30 gram Zilveren panda 2022","og_description":"Gouden en zilveren wereldmunten kopen? Nu verkrijgbaar bij David-coin. Bekijk ons complete aanbod. Gratis verzending binnen Nederland vanaf 5.000 euro.","og_url":"https:\/\/www.david-coin.com\/ar\/product\/china-30-gram-zilveren-panda-2022\/","og_site_name":"David Coin","article_publisher":"https:\/\/www.facebook.com\/Davidcoininkoopenverkoop","article_modified_time":"2026-03-05T14:19:51+00:00","og_image":[{"width":789,"height":800,"url":"https:\/\/www.david-coin.com\/wp-content\/uploads\/2022\/02\/zilverenpanda2022vz.jpg","type":"image\/jpeg"}],"twitter_card":"summary_large_image","twitter_misc":{"\u0627\u0644\u0633\u0639\u0631":"&euro;&nbsp;106,01","\u0627\u0644\u062a\u0648\u0641\u0631":"\u0645\u062a\u0648\u0641\u0631 \u0641\u064a \u0627\u0644\u0645\u062e\u0632\u0648\u0646"},"schema":{"@context":"https:\/\/schema.org","@graph":[{"@type":"WebPage","@id":"https:\/\/www.david-coin.com\/product\/china-30-gram-zilveren-panda-2022\/","url":"https:\/\/www.david-coin.com\/product\/china-30-gram-zilveren-panda-2022\/","name":"\u0628\u0627\u0646\u062f\u0627 \u0641\u0636\u064a\u0629 \u0635\u064a\u0646\u064a\u0629 30 \u062c\u0631\u0627\u0645 2022","isPartOf":{"@id":"https:\/\/www.david-coin.com\/#website"},"primaryImageOfPage":{"@id":"https:\/\/www.david-coin.com\/product\/china-30-gram-zilveren-panda-2022\/#primaryimage"},"image":{"@id":"https:\/\/www.david-coin.com\/product\/china-30-gram-zilveren-panda-2022\/#primaryimage"},"thumbnailUrl":"https:\/\/www.david-coin.com\/wp-content\/uploads\/2022\/02\/zilverenpanda2022vz.jpg","datePublished":"2022-02-26T16:09:23+00:00","dateModified":"2026-03-05T14:19:51+00:00","description":"Gouden en zilveren wereldmunten kopen? Nu verkrijgbaar bij David-coin. Bekijk ons complete aanbod. Gratis verzending binnen Nederland vanaf 5.000 euro.","breadcrumb":{"@id":"https:\/\/www.david-coin.com\/product\/china-30-gram-zilveren-panda-2022\/#breadcrumb"},"inLanguage":"ar","potentialAction":[{"@type":"ReadAction","target":["https:\/\/www.david-coin.com\/product\/china-30-gram-zilveren-panda-2022\/"]}]},{"@type":"ImageObject","inLanguage":"ar","@id":"https:\/\/www.david-coin.com\/product\/china-30-gram-zilveren-panda-2022\/#primaryimage","url":"https:\/\/www.david-coin.com\/wp-content\/uploads\/2022\/02\/zilverenpanda2022vz.jpg","contentUrl":"https:\/\/www.david-coin.com\/wp-content\/uploads\/2022\/02\/zilverenpanda2022vz.jpg","width":789,"height":800},{"@type":"BreadcrumbList","@id":"https:\/\/www.david-coin.com\/product\/china-30-gram-zilveren-panda-2022\/#breadcrumb","itemListElement":[{"@type":"ListItem","position":1,"name":"Home","item":"https:\/\/www.david-coin.com\/"},{"@type":"ListItem","position":2,"name":"Winkel","item":"https:\/\/www.david-coin.com\/winkel\/"},{"@type":"ListItem","position":3,"name":"China 30 gram Zilveren panda 2022"}]},{"@type":"WebSite","@id":"https:\/\/www.david-coin.com\/#website","url":"https:\/\/www.david-coin.com\/","name":"David Coin","description":"","publisher":{"@id":"https:\/\/www.david-coin.com\/#organization"},"potentialAction":[{"@type":"SearchAction","target":{"@type":"EntryPoint","urlTemplate":"https:\/\/www.david-coin.com\/?s={search_term_string}"},"query-input":{"@type":"PropertyValueSpecification","valueRequired":true,"valueName":"search_term_string"}}],"inLanguage":"ar"},{"@type":"Organization","@id":"https:\/\/www.david-coin.com\/#organization","name":"David Coin","url":"https:\/\/www.david-coin.com\/","logo":{"@type":"ImageObject","inLanguage":"ar","@id":"https:\/\/www.david-coin.com\/#\/schema\/logo\/image\/","url":"https:\/\/www.david-coin.com\/wp-content\/uploads\/2024\/04\/davidcoin-logo-final.png","contentUrl":"https:\/\/www.david-coin.com\/wp-content\/uploads\/2024\/04\/davidcoin-logo-final.png","width":800,"height":267,"caption":"David Coin"},"image":{"@id":"https:\/\/www.david-coin.com\/#\/schema\/logo\/image\/"},"sameAs":["https:\/\/www.facebook.com\/Davidcoininkoopenverkoop","https:\/\/www.youtube.com\/channel\/UC39lihLKFSPTff0w6tv0pWQ"]}]},"product_price_amount":"106.01","product_price_currency":"EUR","og_availability":"instock","product_availability":"instock","product_retailer_item_id":"9076","product_condition":"new"},"_links":{"self":[{"href":"https:\/\/www.david-coin.com\/ar\/wp-json\/wp\/v2\/product\/114448","targetHints":{"allow":["GET"]}}],"collection":[{"href":"https:\/\/www.david-coin.com\/ar\/wp-json\/wp\/v2\/product"}],"about":[{"href":"https:\/\/www.david-coin.com\/ar\/wp-json\/wp\/v2\/types\/product"}],"replies":[{"embeddable":true,"href":"https:\/\/www.david-coin.com\/ar\/wp-json\/wp\/v2\/comments?post=114448"}],"wp:featuredmedia":[{"embeddable":true,"href":"https:\/\/www.david-coin.com\/ar\/wp-json\/wp\/v2\/media\/114446"}],"wp:attachment":[{"href":"https:\/\/www.david-coin.com\/ar\/wp-json\/wp\/v2\/media?parent=114448"}],"wp:term":[{"taxonomy":"product_brand","embeddable":true,"href":"https:\/\/www.david-coin.com\/ar\/wp-json\/wp\/v2\/product_brand?post=114448"},{"taxonomy":"product_cat","embeddable":true,"href":"https:\/\/www.david-coin.com\/ar\/wp-json\/wp\/v2\/product_cat?post=114448"},{"taxonomy":"product_tag","embeddable":true,"href":"https:\/\/www.david-coin.com\/ar\/wp-json\/wp\/v2\/product_tag?post=114448"}],"curies":[{"name":"wp","href":"https:\/\/api.w.org\/{rel}","templated":true}]}}